{"id":221,"date":"2024-12-21T21:28:59","date_gmt":"2024-12-21T21:28:59","guid":{"rendered":"https:\/\/clinicaginer.com\/?page_id=221"},"modified":"2025-02-25T17:19:48","modified_gmt":"2025-02-25T17:19:48","slug":"compromis","status":"publish","type":"page","link":"https:\/\/clinicaginer.com\/index.php\/compromis\/","title":{"rendered":"Comprom\u00eds"},"content":{"rendered":"\n<div class=\"wp-block-cover alignfull is-light\" style=\"min-height:255px;aspect-ratio:unset;\"><span aria-hidden=\"true\" class=\"wp-block-cover__background has-background-dim-70 has-background-dim\" style=\"background-color:#ddcfb8\"><\/span><img loading=\"lazy\" decoding=\"async\" width=\"2292\" height=\"624\" class=\"wp-block-cover__image-background wp-image-75\" alt=\"\" src=\"https:\/\/clinicaginer.com\/wp-content\/uploads\/2024\/12\/wood.webp\" data-object-fit=\"cover\" srcset=\"https:\/\/clinicaginer.com\/wp-content\/uploads\/2024\/12\/wood.webp 2292w, https:\/\/clinicaginer.com\/wp-content\/uploads\/2024\/12\/wood-300x82.webp 300w, https:\/\/clinicaginer.com\/wp-content\/uploads\/2024\/12\/wood-1024x279.webp 1024w, https:\/\/clinicaginer.com\/wp-content\/uploads\/2024\/12\/wood-768x209.webp 768w, https:\/\/clinicaginer.com\/wp-content\/uploads\/2024\/12\/wood-1536x418.webp 1536w, https:\/\/clinicaginer.com\/wp-content\/uploads\/2024\/12\/wood-2048x558.webp 2048w\" sizes=\"auto, (max-width: 2292px) 100vw, 2292px\" \/><div class=\"wp-block-cover__inner-container is-layout-constrained wp-block-cover-is-layout-constrained\">\n<h1 class=\"wp-block-heading has-text-align-center newsreader-h1\"><strong>Comprom\u00eds <\/strong>amb la Salut i la Inclusi\u00f3<\/h1>\n<\/div><\/div>\n\n\n\n<div style=\"color:#ddd\" class=\"wp-block-genesis-blocks-gb-spacer gb-block-spacer gb-divider-solid gb-divider-size-1\"><hr style=\"height:60px\"\/><\/div>\n\n\n\n<p>A la nostra consulta, creiem que la salut ha d&#8217;estar a l&#8217;abast de tothom. Per aix\u00f2, participem activament en iniciatives solid\u00e0ries i treballem per crear un espai inclusiu i accessible per a totes les persones.<\/p>\n\n\n\n<div style=\"color:#ddd\" class=\"wp-block-genesis-blocks-gb-spacer gb-block-spacer gb-divider-solid gb-divider-size-1\"><hr style=\"height:60px\"\/><\/div>\n\n\n<section class=\"gb-block-post-grid featuredpost aligncenter\"><div class=\"gb-post-grid-items is-grid columns-1\"><article id=\"post-1\" class=\"gb-post-grid-item post-1 post type-post status-publish format-standard has-post-thumbnail category-compromis category-podologia-comunitaria entry\"><div class=\"gb-block-post-grid-image\"><a href=\"https:\/\/clinicaginer.com\/index.php\/2023\/01\/25\/voluntariat-a-lafrica-un-compromis-amb-la-salut-global\/\" rel=\"bookmark\" aria-hidden=\"true\" tabindex=\"-1\"><img loading=\"lazy\" decoding=\"async\" width=\"640\" height=\"480\" src=\"https:\/\/clinicaginer.com\/wp-content\/uploads\/2023\/01\/IMG_0063.jpg\" class=\"attachment-full size-full\" alt=\"\" srcset=\"https:\/\/clinicaginer.com\/wp-content\/uploads\/2023\/01\/IMG_0063.jpg 640w, https:\/\/clinicaginer.com\/wp-content\/uploads\/2023\/01\/IMG_0063-300x225.jpg 300w\" sizes=\"auto, (max-width: 640px) 100vw, 640px\" \/><\/a><\/div><div class=\"gb-block-post-grid-text\"><header class=\"gb-block-post-grid-header\"><h3 class=\"gb-block-post-grid-title\"><a href=\"https:\/\/clinicaginer.com\/index.php\/2023\/01\/25\/voluntariat-a-lafrica-un-compromis-amb-la-salut-global\/\" rel=\"bookmark\">Voluntariat a l\u2019\u00c0frica \u2013 Un Comprom\u00eds amb la Salut Global<\/a><\/h3><div class=\"gb-block-post-grid-byline\"><\/div><\/header><div class=\"gb-block-post-grid-excerpt\"><p>Creiem que la salut no hauria de ser un privilegi, sin\u00f3 un dret fonamental. Per aix\u00f2, participem en projectes de voluntariat per oferir atenci\u00f3 podol\u00f2gica a comunitats vulnerables de l\u2019\u00c0frica.<\/p>\n<p>El febrer de 2024, vam portar m\u00e9s de 2.000 parells de sabates per a infants d&#8217;entre 2 i 11 anys a G\u00e0mbia, recollits gr\u00e0cies a la solidaritat de moltes persones. A m\u00e9s, hem tractat ferides, infeccions i altres afeccions podol\u00f2giques, millorant la qualitat de vida de moltes persones.<\/p>\n<p><a class=\"gb-block-post-grid-more-link gb-text-link\" href=\"https:\/\/clinicaginer.com\/index.php\/2023\/01\/25\/voluntariat-a-lafrica-un-compromis-amb-la-salut-global\/\" rel=\"bookmark\">Descobreix la hist\u00f2ria completa <span class=\"screen-reader-text\">Voluntariat a l\u2019\u00c0frica \u2013 Un Comprom\u00eds amb la Salut Global<\/span><\/a><\/p><\/div><\/div><\/article>\n<article id=\"post-366\" class=\"gb-post-grid-item post-366 post type-post status-publish format-standard has-post-thumbnail category-compromis category-tea entry\"><div class=\"gb-block-post-grid-image\"><a href=\"https:\/\/clinicaginer.com\/index.php\/2025\/02\/19\/un-espai-adaptat-per-a-persones-amb-tea\/\" rel=\"bookmark\" aria-hidden=\"true\" tabindex=\"-1\"><img loading=\"lazy\" decoding=\"async\" width=\"2560\" height=\"1708\" src=\"https:\/\/clinicaginer.com\/wp-content\/uploads\/2025\/02\/clinica-2-scaled.webp\" class=\"attachment-full size-full\" alt=\"\" srcset=\"https:\/\/clinicaginer.com\/wp-content\/uploads\/2025\/02\/clinica-2-scaled.webp 2560w, https:\/\/clinicaginer.com\/wp-content\/uploads\/2025\/02\/clinica-2-300x200.webp 300w, https:\/\/clinicaginer.com\/wp-content\/uploads\/2025\/02\/clinica-2-1024x683.webp 1024w, https:\/\/clinicaginer.com\/wp-content\/uploads\/2025\/02\/clinica-2-768x512.webp 768w, https:\/\/clinicaginer.com\/wp-content\/uploads\/2025\/02\/clinica-2-1536x1025.webp 1536w, https:\/\/clinicaginer.com\/wp-content\/uploads\/2025\/02\/clinica-2-2048x1367.webp 2048w, https:\/\/clinicaginer.com\/wp-content\/uploads\/2025\/02\/clinica-2-600x400.webp 600w\" sizes=\"auto, (max-width: 2560px) 100vw, 2560px\" \/><\/a><\/div><div class=\"gb-block-post-grid-text\"><header class=\"gb-block-post-grid-header\"><h3 class=\"gb-block-post-grid-title\"><a href=\"https:\/\/clinicaginer.com\/index.php\/2025\/02\/19\/un-espai-adaptat-per-a-persones-amb-tea\/\" rel=\"bookmark\">Un Espai Adaptat per a Persones amb TEA<\/a><\/h3><div class=\"gb-block-post-grid-byline\"><\/div><\/header><div class=\"gb-block-post-grid-excerpt\"><p>A la nostra consulta, creiem que la salut ha d&#8217;estar a l&#8217;abast de tothom. Per aix\u00f2, participem activament en iniciatives solid\u00e0ries i treballem per crear un espai inclusiu i accessible per a totes les persones.<\/p>\n<p><a class=\"gb-block-post-grid-more-link gb-text-link\" href=\"https:\/\/clinicaginer.com\/index.php\/2025\/02\/19\/un-espai-adaptat-per-a-persones-amb-tea\/\" rel=\"bookmark\">Descobreix la hist\u00f2ria completa <span class=\"screen-reader-text\">Un Espai Adaptat per a Persones amb TEA<\/span><\/a><\/p><\/div><\/div><\/article>\n<article id=\"post-437\" class=\"gb-post-grid-item post-437 post type-post status-publish format-standard has-post-thumbnail category-compromis category-tea entry\"><div class=\"gb-block-post-grid-image\"><a href=\"https:\/\/clinicaginer.com\/index.php\/2025\/10\/09\/inclusio-es-un-dret-no-una-opcio\/\" rel=\"bookmark\" aria-hidden=\"true\" tabindex=\"-1\"><img loading=\"lazy\" decoding=\"async\" width=\"1932\" height=\"1618\" src=\"https:\/\/clinicaginer.com\/wp-content\/uploads\/2025\/10\/Imagen-de-WhatsApp-2025-10-10-a-las-11.17.19_a6735b26-e1760088009166.jpg\" class=\"attachment-full size-full\" alt=\"\" srcset=\"https:\/\/clinicaginer.com\/wp-content\/uploads\/2025\/10\/Imagen-de-WhatsApp-2025-10-10-a-las-11.17.19_a6735b26-e1760088009166.jpg 1932w, https:\/\/clinicaginer.com\/wp-content\/uploads\/2025\/10\/Imagen-de-WhatsApp-2025-10-10-a-las-11.17.19_a6735b26-e1760088009166-300x251.jpg 300w, https:\/\/clinicaginer.com\/wp-content\/uploads\/2025\/10\/Imagen-de-WhatsApp-2025-10-10-a-las-11.17.19_a6735b26-e1760088009166-1024x858.jpg 1024w, https:\/\/clinicaginer.com\/wp-content\/uploads\/2025\/10\/Imagen-de-WhatsApp-2025-10-10-a-las-11.17.19_a6735b26-e1760088009166-768x643.jpg 768w, https:\/\/clinicaginer.com\/wp-content\/uploads\/2025\/10\/Imagen-de-WhatsApp-2025-10-10-a-las-11.17.19_a6735b26-e1760088009166-1536x1286.jpg 1536w\" sizes=\"auto, (max-width: 1932px) 100vw, 1932px\" \/><\/a><\/div><div class=\"gb-block-post-grid-text\"><header class=\"gb-block-post-grid-header\"><h3 class=\"gb-block-post-grid-title\"><a href=\"https:\/\/clinicaginer.com\/index.php\/2025\/10\/09\/inclusio-es-un-dret-no-una-opcio\/\" rel=\"bookmark\">Inclusi\u00f3 \u00e9s un dret, no una opci\u00f3<\/a><\/h3><div class=\"gb-block-post-grid-byline\"><\/div><\/header><div class=\"gb-block-post-grid-excerpt\"><p>Han expulsat el meu fill de l\u2019escola d\u2019art per ser diferent.<br \/>\nEn Luca t\u00e9 11 anys i autisme, i despr\u00e9s d\u2019un mes de classes li van dir que \u201cno podia crear lliurement\u201d.<br \/>\nNo busco nom\u00e9s just\u00edcia per a ell, sin\u00f3 que cap altre nen torni a viure una exclusi\u00f3 aix\u00ed.<br \/>\nLa inclusi\u00f3 no \u00e9s una opci\u00f3: \u00e9s un dret.<\/p>\n<p><a class=\"gb-block-post-grid-more-link gb-text-link\" href=\"https:\/\/clinicaginer.com\/index.php\/2025\/10\/09\/inclusio-es-un-dret-no-una-opcio\/\" rel=\"bookmark\">Descobreix la hist\u00f2ria completa <span class=\"screen-reader-text\">Inclusi\u00f3 \u00e9s un dret, no una opci\u00f3<\/span><\/a><\/p><\/div><\/div><\/article>\n<\/div><\/section>\n\n\n<div class=\"wp-block-cover alignfull is-light\"><span aria-hidden=\"true\" class=\"wp-block-cover__background has-background-dim-0 has-background-dim\"><\/span><div class=\"wp-block-cover__inner-container is-layout-constrained wp-block-cover-is-layout-constrained\">\n<div class=\"wp-block-group\"><div class=\"wp-block-group__inner-container is-layout-constrained wp-block-group-is-layout-constrained\">\n<div style=\"color:#ddd\" class=\"wp-block-genesis-blocks-gb-spacer gb-block-spacer gb-divider-solid gb-divider-size-1\"><hr style=\"height:99px\"\/><\/div>\n\n\n\n<h2 class=\"wp-block-heading has-text-align-center\"><em>Tens alguna consulta?<\/em><\/h2>\n\n\n\n<h2 class=\"wp-block-heading has-text-align-center\"><em><strong>Connecta amb nosaltres!<\/strong><\/em><\/h2>\n\n\n\n<div style=\"color:#ddd\" class=\"wp-block-genesis-blocks-gb-spacer gb-block-spacer gb-divider-solid gb-divider-size-1\"><hr style=\"height:17px\"\/><\/div>\n\n\n\n<p class=\"has-text-align-center\">Per qualsevol consulta, escriu-nos per WhatsApp o segueix-nos a Instagram.<br>Estem aqu\u00ed per ajudar-te!<\/p>\n\n\n\n<div style=\"color:#ddd\" class=\"wp-block-genesis-blocks-gb-spacer gb-block-spacer gb-divider-solid gb-divider-size-1\"><hr style=\"height:58px\"\/><\/div>\n\n\n\n<div class=\"wp-block-genesis-blocks-gb-columns gb-layout-columns-3 gb-3-col-equal alignwide\"><div class=\"gb-layout-column-wrap gb-block-layout-column-gap-0 gb-is-responsive-column\">\n<div class=\"wp-block-genesis-blocks-gb-column gb-block-layout-column\"><div class=\"gb-block-layout-column-inner\"><div class=\"wp-block-image is-style-default\">\n<figure class=\"aligncenter size-full is-resized\"><a href=\"https:\/\/api.whatsapp.com\/send?phone=34657122356\"><img loading=\"lazy\" decoding=\"async\" width=\"238\" height=\"238\" src=\"https:\/\/clinicaginer.com\/wp-content\/uploads\/2024\/12\/Group-23.webp\" alt=\"\" class=\"wp-image-134\" style=\"aspect-ratio:1;object-fit:contain;width:150px\" srcset=\"https:\/\/clinicaginer.com\/wp-content\/uploads\/2024\/12\/Group-23.webp 238w, https:\/\/clinicaginer.com\/wp-content\/uploads\/2024\/12\/Group-23-150x150.webp 150w, https:\/\/clinicaginer.com\/wp-content\/uploads\/2024\/12\/Group-23-75x75.webp 75w\" sizes=\"auto, (max-width: 238px) 100vw, 238px\" \/><\/a><\/figure>\n<\/div><\/div><\/div>\n\n\n\n<div class=\"wp-block-genesis-blocks-gb-column gb-block-layout-column\"><div class=\"gb-block-layout-column-inner\"><div class=\"wp-block-image is-style-default\">\n<figure class=\"aligncenter size-full is-resized\"><a href=\"https:\/\/www.instagram.com\/clinicapodologicaginer\/\"><img loading=\"lazy\" decoding=\"async\" width=\"238\" height=\"238\" src=\"https:\/\/clinicaginer.com\/wp-content\/uploads\/2024\/12\/Group-24.webp\" alt=\"\" class=\"wp-image-136\" style=\"width:150px\" srcset=\"https:\/\/clinicaginer.com\/wp-content\/uploads\/2024\/12\/Group-24.webp 238w, https:\/\/clinicaginer.com\/wp-content\/uploads\/2024\/12\/Group-24-150x150.webp 150w, https:\/\/clinicaginer.com\/wp-content\/uploads\/2024\/12\/Group-24-75x75.webp 75w\" sizes=\"auto, (max-width: 238px) 100vw, 238px\" \/><\/a><\/figure>\n<\/div><\/div><\/div>\n\n\n\n<div class=\"wp-block-genesis-blocks-gb-column gb-block-layout-column\"><div class=\"gb-block-layout-column-inner\"><div class=\"wp-block-image is-style-default\">\n<figure class=\"aligncenter size-full is-resized\"><a href=\"tel:657 12 23 56\"><img loading=\"lazy\" decoding=\"async\" width=\"238\" height=\"238\" src=\"https:\/\/clinicaginer.com\/wp-content\/uploads\/2024\/12\/Group-26.webp\" alt=\"\" class=\"wp-image-135\" style=\"width:150px\" srcset=\"https:\/\/clinicaginer.com\/wp-content\/uploads\/2024\/12\/Group-26.webp 238w, https:\/\/clinicaginer.com\/wp-content\/uploads\/2024\/12\/Group-26-150x150.webp 150w, https:\/\/clinicaginer.com\/wp-content\/uploads\/2024\/12\/Group-26-75x75.webp 75w\" sizes=\"auto, (max-width: 238px) 100vw, 238px\" \/><\/a><\/figure>\n<\/div><\/div><\/div>\n<\/div><\/div>\n\n\n\n<div style=\"color:#ddd\" class=\"wp-block-genesis-blocks-gb-spacer gb-block-spacer gb-divider-solid gb-divider-size-1\"><hr style=\"height:59px\"\/><\/div>\n\n\n\n<div class=\"wp-block-cover alignwide is-light footerform\"><span aria-hidden=\"true\" class=\"wp-block-cover__background has-background-dim-100 has-background-dim\" style=\"background-color:#ddcfb8\"><\/span><div class=\"wp-block-cover__inner-container is-layout-constrained wp-block-cover-is-layout-constrained\">\n<h3 class=\"wp-block-heading has-text-align-left has-large-font-size\">O tamb\u00e9 pots enviar-nos un missatge<\/h3>\n\n\n\n<div class=\"wp-block-contact-form-7-contact-form-selector\">\n<div class=\"wpcf7 no-js\" id=\"wpcf7-f68-o1\" lang=\"es-ES\" dir=\"ltr\" data-wpcf7-id=\"68\">\n<div class=\"screen-reader-response\"><p role=\"status\" aria-live=\"polite\" aria-atomic=\"true\"><\/p> <ul><\/ul><\/div>\n<form action=\"\/index.php\/wp-json\/wp\/v2\/pages\/221#wpcf7-f68-o1\" method=\"post\" class=\"wpcf7-form init\" aria-label=\"Formulario de contacto\" novalidate=\"novalidate\" data-status=\"init\">\n<div style=\"display: none;\">\n<input type=\"hidden\" name=\"_wpcf7\" value=\"68\" \/>\n<input type=\"hidden\" name=\"_wpcf7_version\" value=\"6.0.3\" \/>\n<input type=\"hidden\" name=\"_wpcf7_locale\" value=\"es_ES\" \/>\n<input type=\"hidden\" name=\"_wpcf7_unit_tag\" value=\"wpcf7-f68-o1\" \/>\n<input type=\"hidden\" name=\"_wpcf7_container_post\" value=\"0\" \/>\n<input type=\"hidden\" name=\"_wpcf7_posted_data_hash\" value=\"\" \/>\n<\/div>\n<p><label> <span class=\"wpcf7-form-control-wrap\" data-name=\"nom\"><input size=\"40\" maxlength=\"400\" class=\"wpcf7-form-control wpcf7-text wpcf7-validates-as-required\" aria-required=\"true\" aria-invalid=\"false\" placeholder=\"Nom\" value=\"\" type=\"text\" name=\"nom\" \/><\/span> <\/label>\n<\/p>\n<p><label> <span class=\"wpcf7-form-control-wrap\" data-name=\"Telefon\"><input size=\"40\" maxlength=\"20\" class=\"wpcf7-form-control wpcf7-tel wpcf7-validates-as-required wpcf7-text wpcf7-validates-as-tel\" aria-required=\"true\" aria-invalid=\"false\" placeholder=\"Tel\u00e8fon\" value=\"\" type=\"tel\" name=\"Telefon\" \/><\/span> <\/label>\n<\/p>\n<p><label> <span class=\"wpcf7-form-control-wrap\" data-name=\"Missatge\"><textarea cols=\"40\" rows=\"10\" maxlength=\"2000\" class=\"wpcf7-form-control wpcf7-textarea wpcf7-validates-as-required\" aria-required=\"true\" aria-invalid=\"false\" placeholder=\"Missatge\" name=\"Missatge\"><\/textarea><\/span> <\/label>\n<\/p>\n<p><span class=\"wpcf7-form-control-wrap\" data-name=\"acceptance-623\"><span class=\"wpcf7-form-control wpcf7-acceptance\"><span class=\"wpcf7-list-item\"><label><input type=\"checkbox\" name=\"acceptance-623\" value=\"1\" aria-invalid=\"false\" \/><span class=\"wpcf7-list-item-label\">He llegit i accepto <a href=\"https:\/\/clinicaginer.com\/index.php\/avis-legal\/\">l'Av\u00eds Legal i la Pol\u00edtica de Privadesa<\/a><\/span><\/label><\/span><\/span><\/span>\n<\/p>\n<p class=\"obligatori\">Per enviar el formulari, cal omplir tots els camps obligatoris.\n<\/p>\n<p><input class=\"wpcf7-form-control wpcf7-submit has-spinner\" type=\"submit\" value=\"Enviar\" \/>\n<\/p><div class=\"wpcf7-response-output\" aria-hidden=\"true\"><\/div>\n<\/form>\n<\/div>\n<\/div>\n\n\n\n<p class=\"has-small-font-size\" style=\"line-height:1.1\"><strong><em>Informaci\u00f3 b\u00e0sica<\/em><\/strong><\/p>\n\n\n\n<p class=\"has-small-font-size\" style=\"line-height:1.1\"><strong>Responsable del tractament:<\/strong> Cl\u00ednica Giner.<\/p>\n\n\n\n<p class=\"has-small-font-size\" style=\"line-height:1.1\"><strong>Finalitat del tractament:<\/strong> gestionar les consultes dels usuaris i atendre les sol\u00b7licituds.<\/p>\n\n\n\n<p class=\"has-small-font-size\" style=\"line-height:1.1\"><strong>Base legal per al tractament:<\/strong> el consentiment atorgat amb l&#8217;acceptaci\u00f3 de la present Pol\u00edtica de Protecci\u00f3 de dades.<\/p>\n\n\n\n<p class=\"has-small-font-size\" style=\"line-height:1.1\"><strong>Destinataris de les dades:<\/strong> no seran comunicades a terceres persones excepte per obligaci\u00f3 legal.<\/p>\n\n\n\n<p class=\"has-small-font-size\" style=\"line-height:1.1\"><strong>Drets<\/strong>: per exercir els drets d&#8217;acc\u00e9s, rectificaci\u00f3, portabilitat i supressi\u00f3 de les seves dades i les de limitaci\u00f3 i oposici\u00f3 al seu tractament reconeguts per la normativa, pot enviar un correu a podologia.giner@gmail.com.<\/p>\n\n\n\n<p class=\"has-small-font-size\" style=\"line-height:1.1\"><strong>Per a m\u00e9s informaci\u00f3 <\/strong>sobre aquest tractament i com exercir els seus drets pot consultar la nostra pol\u00edtica completa de protecci\u00f3 de dades en: http:\/\/www.clinicaginer.com.<\/p>\n<\/div><\/div>\n<\/div><\/div>\n<\/div><\/div>\n\n\n\n<div style=\"color:#ddd\" class=\"wp-block-genesis-blocks-gb-spacer gb-block-spacer gb-divider-solid gb-divider-size-1\"><hr style=\"height:59px\"\/><\/div>\n\n\n\n<div style=\"height:50px\" aria-hidden=\"true\" class=\"wp-block-spacer\"><\/div>\n\n\n\n<footer class=\"wp-block-cover alignfull is-light\" style=\"min-height:255px;aspect-ratio:unset;\"><span aria-hidden=\"true\" class=\"wp-block-cover__background has-background-dim-70 has-background-dim\" style=\"background-color:#ddcfb8\"><\/span><img loading=\"lazy\" decoding=\"async\" width=\"2292\" height=\"624\" class=\"wp-block-cover__image-background wp-image-75\" alt=\"\" src=\"https:\/\/clinicaginer.com\/wp-content\/uploads\/2024\/12\/wood.webp\" data-object-fit=\"cover\" srcset=\"https:\/\/clinicaginer.com\/wp-content\/uploads\/2024\/12\/wood.webp 2292w, https:\/\/clinicaginer.com\/wp-content\/uploads\/2024\/12\/wood-300x82.webp 300w, https:\/\/clinicaginer.com\/wp-content\/uploads\/2024\/12\/wood-1024x279.webp 1024w, https:\/\/clinicaginer.com\/wp-content\/uploads\/2024\/12\/wood-768x209.webp 768w, https:\/\/clinicaginer.com\/wp-content\/uploads\/2024\/12\/wood-1536x418.webp 1536w, https:\/\/clinicaginer.com\/wp-content\/uploads\/2024\/12\/wood-2048x558.webp 2048w\" sizes=\"auto, (max-width: 2292px) 100vw, 2292px\" \/><div class=\"wp-block-cover__inner-container is-layout-constrained wp-block-cover-is-layout-constrained\">\n<div class=\"wp-block-genesis-blocks-gb-columns gb-layout-columns-3 gb-3-col-wideleft\"><div class=\"gb-layout-column-wrap gb-block-layout-column-gap-2 gb-is-responsive-column\">\n<div class=\"wp-block-genesis-blocks-gb-column gb-block-layout-column gb-is-vertically-aligned-center\"><div class=\"gb-block-layout-column-inner\"><div class=\"wp-block-image\">\n<figure class=\"aligncenter size-large is-resized\"><img loading=\"lazy\" decoding=\"async\" width=\"1024\" height=\"286\" src=\"https:\/\/clinicaginer.com\/wp-content\/uploads\/2024\/12\/GinesLogo-18-1024x286.png\" alt=\"\" class=\"wp-image-46\" style=\"width:auto;height:150px\" srcset=\"https:\/\/clinicaginer.com\/wp-content\/uploads\/2024\/12\/GinesLogo-18-1024x286.png 1024w, https:\/\/clinicaginer.com\/wp-content\/uploads\/2024\/12\/GinesLogo-18-300x84.png 300w, https:\/\/clinicaginer.com\/wp-content\/uploads\/2024\/12\/GinesLogo-18-768x214.png 768w, https:\/\/clinicaginer.com\/wp-content\/uploads\/2024\/12\/GinesLogo-18-1536x429.png 1536w, https:\/\/clinicaginer.com\/wp-content\/uploads\/2024\/12\/GinesLogo-18-2048x572.png 2048w\" sizes=\"auto, (max-width: 1024px) 100vw, 1024px\" \/><\/figure>\n<\/div><\/div><\/div>\n\n\n\n<div class=\"wp-block-genesis-blocks-gb-column gb-block-layout-column\"><div class=\"gb-block-layout-column-inner\">\n<p class=\"has-text-align-right has-text-color has-link-color wp-elements-5a1faba0f18fb07c73a74c9f542f8c04\" style=\"color:#ffffff\">Centre de podologia autoritzat pel <\/p>\n\n\n\n<p class=\"has-text-align-right has-text-color has-link-color wp-elements-fd7cbf7583cf832761a363c385f6d6df\" style=\"color:#ffffff\">Departament de Salut. <\/p>\n\n\n\n<p class=\"has-text-align-right has-text-color has-link-color wp-elements-1db12bef7acc557c2b80dc90454771e2\" style=\"color:#ffffff\">N\u00fam. de registre: <strong>E08726522<\/strong>.<\/p>\n<\/div><\/div>\n\n\n\n<div class=\"wp-block-genesis-blocks-gb-column gb-block-layout-column\"><div class=\"gb-block-layout-column-inner\">\n<p><\/p>\n<\/div><\/div>\n<\/div><\/div>\n\n\n\n<div class=\"wp-block-genesis-blocks-gb-columns gb-layout-columns-3 gb-3-col-widecenter\"><div class=\"gb-layout-column-wrap gb-block-layout-column-gap-2 gb-is-responsive-column\">\n<div class=\"wp-block-genesis-blocks-gb-column gb-block-layout-column\"><div class=\"gb-block-layout-column-inner\">\n<p><\/p>\n<\/div><\/div>\n\n\n\n<div class=\"wp-block-genesis-blocks-gb-column gb-block-layout-column\"><div class=\"gb-block-layout-column-inner\">\n<p class=\"has-text-align-center has-small-font-size\"><a href=\"https:\/\/clinicaginer.com\/index.php\/avis-legal\/\" data-type=\"page\" data-id=\"421\">Av\u00eds Legal<\/a> <a href=\"https:\/\/clinicaginer.com\/index.php\/privacy-policy\/\" data-type=\"page\" data-id=\"3\">Pol\u00edtica de Privacitat<\/a> <a href=\"https:\/\/clinicaginer.com\/index.php\/politica-de-privacitat-xarxes-socials\/\" data-type=\"page\" data-id=\"423\">Pol\u00edtica de privacitat xarxes socials<\/a> <a href=\"https:\/\/clinicaginer.com\/index.php\/politica-de-cookies\/\" data-type=\"page\" data-id=\"422\">Pol\u00edtica de Cookies<\/a><\/p>\n<\/div><\/div>\n\n\n\n<div class=\"wp-block-genesis-blocks-gb-column gb-block-layout-column\"><div class=\"gb-block-layout-column-inner\">\n<p><\/p>\n<\/div><\/div>\n<\/div><\/div>\n<\/div><\/footer>\n","protected":false},"excerpt":{"rendered":"<p>A la nostra consulta, creiem que la salut ha d&#8217;estar a l&#8217;abast de tothom. Per aix\u00f2, participem activament en iniciatives solid\u00e0ries i treballem per crear un espai inclusiu i accessible per a totes les persones.<\/p>\n","protected":false},"author":2,"featured_media":52,"parent":0,"menu_order":0,"comment_status":"closed","ping_status":"closed","template":"","meta":{"_genesis_hide_title":true,"_genesis_hide_breadcrumbs":false,"_genesis_hide_singular_image":false,"_genesis_hide_footer_widgets":false,"_genesis_custom_body_class":"","_genesis_custom_post_class":"","_genesis_layout":"full-width-content","footnotes":""},"class_list":{"0":"post-221","1":"page","2":"type-page","3":"status-publish","4":"has-post-thumbnail","6":"entry"},"featured_image_src":"https:\/\/clinicaginer.com\/wp-content\/uploads\/2024\/12\/cropped-GinesLogo-15-512x400.png","featured_image_src_square":"https:\/\/clinicaginer.com\/wp-content\/uploads\/2024\/12\/cropped-GinesLogo-15.png","_links":{"self":[{"href":"https:\/\/clinicaginer.com\/index.php\/wp-json\/wp\/v2\/pages\/221","targetHints":{"allow":["GET"]}}],"collection":[{"href":"https:\/\/clinicaginer.com\/index.php\/wp-json\/wp\/v2\/pages"}],"about":[{"href":"https:\/\/clinicaginer.com\/index.php\/wp-json\/wp\/v2\/types\/page"}],"author":[{"embeddable":true,"href":"https:\/\/clinicaginer.com\/index.php\/wp-json\/wp\/v2\/users\/2"}],"replies":[{"embeddable":true,"href":"https:\/\/clinicaginer.com\/index.php\/wp-json\/wp\/v2\/comments?post=221"}],"version-history":[{"count":9,"href":"https:\/\/clinicaginer.com\/index.php\/wp-json\/wp\/v2\/pages\/221\/revisions"}],"predecessor-version":[{"id":387,"href":"https:\/\/clinicaginer.com\/index.php\/wp-json\/wp\/v2\/pages\/221\/revisions\/387"}],"wp:featuredmedia":[{"embeddable":true,"href":"https:\/\/clinicaginer.com\/index.php\/wp-json\/wp\/v2\/media\/52"}],"wp:attachment":[{"href":"https:\/\/clinicaginer.com\/index.php\/wp-json\/wp\/v2\/media?parent=221"}],"curies":[{"name":"wp","href":"https:\/\/api.w.org\/{rel}","templated":true}]}}